{"id":201783,"date":"2020-04-15T12:03:58","date_gmt":"2020-04-15T12:03:58","guid":{"rendered":"https:\/\/www.spencker.de\/wp\/?page_id=201783"},"modified":"2026-04-28T06:19:29","modified_gmt":"2026-04-28T06:19:29","slug":"info-3","status":"publish","type":"page","link":"https:\/\/www.spencker.de\/wp\/?page_id=201783","title":{"rendered":"Info"},"content":{"rendered":"<p>Klaus Spencker ist ein in Hannover lebender Jazzgitarrist, Komponist und Bandleader. Mit seiner Musik spannt er einen weiten Bogen von Jazz bis elektronisch-experimenteller Musik. Sein Stil, gespielt auf der elektrischen und akustischen Gitarren, ist lyrisch, erz\u00e4hlend und facettenreich.<\/p>\n<h4>Bands, Projekte und Ver\u00f6ffentlichungen:<\/h4>\n<p><strong><br \/>\nKlaus Spencker Quintett \/ Trio:<br \/>\n<\/strong>&#8222;Tie up Loose Ends&#8220; (Felix Petry, Eike Wulfmeier, Peter Schwebs, Bertram Lehmann)<br \/>\n\u201eCrossing Borders\u201c (Peter Schwebs, Bertram Lehmann)<br \/>\n\u201eDecember\u201c (Marc Muellbauer, Heinrich K\u00f6bberling)<br \/>\n\u201eInvisible\u201c (Willi Hanne, Olaf Casimir)<\/p>\n<p><iframe loading=\"lazy\" title=\"YouTube video player\" src=\"https:\/\/www.youtube.com\/embed\/IfwJfstUnBU?si=dshRjGHiDnckBFx2\" width=\"560\" height=\"315\" frameborder=\"0\" allowfullscreen=\"allowfullscreen\"><\/iframe><\/p>\n<p><iframe loading=\"lazy\" src=\"https:\/\/www.youtube.com\/embed\/rnMcn0wSth0\" width=\"560\" height=\"315\" frameborder=\"0\" allowfullscreen=\"allowfullscreen\"><\/iframe><\/p>\n<p>&nbsp;<\/p>\n<p><strong>Fette Hupe:\u00a0<\/strong>\u201eFette Hupe plays Mingus\u201c, \u201eEllington &#8211; Sacred Concerts\u201c, \u201eGodchild\u201c, \u201eModern Tradition\u201c<\/p>\n<p><iframe loading=\"lazy\" src=\"https:\/\/www.youtube.com\/embed\/mP5GoFrdB08\" width=\"560\" height=\"315\" frameborder=\"0\" allowfullscreen=\"allowfullscreen\"><\/iframe><\/p>\n<p><strong><br \/>\nKlaus Spencker Elements:\u00a0<\/strong>\u201eVan Tied to Tied &#8211; Jazz und Lyrik\u201c<br \/>\n(Hans-Hermann Briese, Felix Petry, Eike Wulfmeier, Peter Schwebs, Timo Warnecke)<\/p>\n<p><iframe loading=\"lazy\" src=\"https:\/\/w.soundcloud.com\/player\/?url=https%3A\/\/api.soundcloud.com\/tracks\/110873702&amp;color=%23ff5500&amp;auto_play=false&amp;hide_related=false&amp;show_comments=true&amp;show_user=true&amp;show_reposts=false&amp;show_teaser=true&amp;visual=true\" width=\"100%\" height=\"300\" frameborder=\"no\" scrolling=\"no\"><\/iframe><\/p>\n<p><strong><br \/>\nKlaus Spencker Solo:\u00a0<\/strong>&#8222;True&#8220;<\/p>\n<p><iframe style=\"border: 0; width: 100%; height: 120px;\" src=\"https:\/\/bandcamp.com\/EmbeddedPlayer\/album=2378034348\/size=large\/bgcol=ffffff\/linkcol=0687f5\/tracklist=false\/artwork=small\/transparent=true\/\" seamless=\"\">&amp;amp;amp;amp;amp;amp;amp;amp;amp;amp;amp;amp;amp;amp;amp;amp;amp;amp;amp;amp;amp;lt;a href=&#8220;http:\/\/klausspencker.bandcamp.com\/album\/true&#8220;&amp;amp;amp;amp;amp;amp;amp;amp;amp;amp;amp;amp;amp;amp;amp;amp;amp;amp;amp;amp;amp;gt;True by Klaus Spencker&amp;amp;amp;amp;amp;amp;amp;amp;amp;amp;amp;amp;amp;amp;amp;amp;amp;amp;amp;amp;amp;lt;\/a&amp;amp;amp;amp;amp;amp;amp;amp;amp;amp;amp;amp;amp;amp;amp;amp;amp;amp;amp;amp;amp;gt;<\/iframe><\/p>\n<h4>Pressestimmen:<\/h4>\n<p>\u201eKlaus Spencker schafft es, diese Kontraste mit gr\u00f6\u00dftm\u00f6glicher Authentizit\u00e4t und Fingerfertigkeit in Kl\u00e4nge zu gie\u00dfen. Man nimmt ihm die Br\u00fcche ab, dieses Wechselspiel zwischen \u00fcberbordender Energie und stiller Reflexion. Stark!\u201c <em>(Jazzthing)<\/em><\/p>\n<p>\u201eEr kann machen, was er will, es kommt doch immer Jazz heraus, ein erquickliches Prischen subversiv und mit dem f\u00fcr 0stfriesen typischen weiten Horizont.\u201c <em>(Jazzpodium)<br \/>\n<\/em><br \/>\n\u201eEnorm luftig und raumgreifend, durchdacht und homogen, wundersch\u00f6n melodisch gereift und harmonisch facettenreich.\u201c <em>(JazzScene)<\/em><\/p>\n<h4>Lehrt\u00e4tigkeiten:<\/h4>\n<p><strong>Universit\u00e4t Hildesheim, Institut f\u00fcr Musik und Musikwissenschaft <\/strong><em>(Gitarre, Ensemble)<br \/>\n<strong>Hochschule f\u00fcr Musik, Theater und Medien Hannover<\/strong> (E-Gitarre, Ensemble, Improvisation)<\/em><br \/>\n<strong>Music College Hannover<\/strong> <em>(E-Gitarre, Improvisation, Fachmethodik Jazzgitarre, Ensemble, Musikgeschichte)<\/em><\/p>\n<h4>Ausbildung:<\/h4>\n<p>Studium Hochschule f\u00fcr Musik und Theater Hannover<br \/>\nBerklee College of Music in Boston\/USA<br \/>\nStudium, Privatunterricht und Clinics bei Mick Goodrick, John Scofield, Pat Martino, Dave Liebmann, Joe Lovano, Jim Hall, John Abercrombie, Ed Tomassi, Hal Crook<\/p>\n","protected":false},"excerpt":{"rendered":"<p>Klaus Spencker ist ein in Hannover lebender Jazzgitarrist, Komponist und Bandleader. Mit seiner Musik spannt er einen weiten Bogen von Jazz bis elektronisch-experimenteller Musik. Sein Stil, gespielt auf der elektrischen und akustischen Gitarren, ist lyrisch, erz\u00e4hlend und facettenreich. Bands, Projekte und Ver\u00f6ffentlichungen: Klaus Spencker Quintett \/ Trio: &#8222;Tie up Loose Ends&#8220; (Felix Petry, Eike Wulfmeier, &hellip; <a href=\"https:\/\/www.spencker.de\/wp\/?page_id=201783\" class=\"more-link\"><span class=\"screen-reader-text\">Info<\/span> weiterlesen <span class=\"meta-nav\">&rarr;<\/span><\/a><\/p>\n","protected":false},"author":1,"featured_media":0,"parent":0,"menu_order":3,"comment_status":"closed","ping_status":"closed","template":"","meta":[],"_links":{"self":[{"href":"https:\/\/www.spencker.de\/wp\/index.php?rest_route=\/wp\/v2\/pages\/201783"}],"collection":[{"href":"https:\/\/www.spencker.de\/wp\/index.php?rest_route=\/wp\/v2\/pages"}],"about":[{"href":"https:\/\/www.spencker.de\/wp\/index.php?rest_route=\/wp\/v2\/types\/page"}],"author":[{"embeddable":true,"href":"https:\/\/www.spencker.de\/wp\/index.php?rest_route=\/wp\/v2\/users\/1"}],"replies":[{"embeddable":true,"href":"https:\/\/www.spencker.de\/wp\/index.php?rest_route=%2Fwp%2Fv2%2Fcomments&post=201783"}],"version-history":[{"count":23,"href":"https:\/\/www.spencker.de\/wp\/index.php?rest_route=\/wp\/v2\/pages\/201783\/revisions"}],"predecessor-version":[{"id":202376,"href":"https:\/\/www.spencker.de\/wp\/index.php?rest_route=\/wp\/v2\/pages\/201783\/revisions\/202376"}],"wp:attachment":[{"href":"https:\/\/www.spencker.de\/wp\/index.php?rest_route=%2Fwp%2Fv2%2Fmedia&parent=201783"}],"curies":[{"name":"wp","href":"https:\/\/api.w.org\/{rel}","templated":true}]}}