{"id":5,"date":"2010-06-27T05:58:51","date_gmt":"2010-06-27T05:58:51","guid":{"rendered":"http:\/\/www.spencker.de\/wp\/?page_id=5"},"modified":"2017-07-28T14:00:17","modified_gmt":"2017-07-28T14:00:17","slug":"kontakt","status":"publish","type":"page","link":"https:\/\/www.spencker.de\/wp\/?page_id=5","title":{"rendered":"Kontakt"},"content":{"rendered":"<div class=\"cnt_label\">Email:<\/div>\n<p><a class=\"more\" href=\"mailto:klaus@spencker.de\" target=\"_blank\">klaus [ad] spencker.de<\/a><\/p>\n<div class=\"cnt_label\">Facebook:<\/div>\n<p><a class=\"more\" href=\"https:\/\/www.facebook.com\/klaus.spencker\" target=\"_blank\">www.facebook.com\/klaus.spencker<\/a><\/p>\n<hr \/>\n<h3>Haftungsausschluss<\/h3>\n<p>Trotz sorgf\u00e4ltiger inhaltlicher Kontrolle \u00fcbernehmen wir keine Haftung f\u00fcr die Inhalte externer Links. F\u00fcr den Inhalt der verlinkten Seiten sind ausschlie\u00dflich deren Betreiber verantwortlich.<\/p>\n","protected":false},"excerpt":{"rendered":"<p>Email: klaus [ad] spencker.de Facebook: www.facebook.com\/klaus.spencker Haftungsausschluss Trotz sorgf\u00e4ltiger inhaltlicher Kontrolle \u00fcbernehmen wir keine Haftung f\u00fcr die Inhalte externer Links. F\u00fcr den Inhalt der verlinkten Seiten sind ausschlie\u00dflich deren Betreiber verantwortlich.<\/p>\n","protected":false},"author":1,"featured_media":0,"parent":0,"menu_order":6,"comment_status":"closed","ping_status":"closed","template":"","meta":[],"_links":{"self":[{"href":"https:\/\/www.spencker.de\/wp\/index.php?rest_route=\/wp\/v2\/pages\/5"}],"collection":[{"href":"https:\/\/www.spencker.de\/wp\/index.php?rest_route=\/wp\/v2\/pages"}],"about":[{"href":"https:\/\/www.spencker.de\/wp\/index.php?rest_route=\/wp\/v2\/types\/page"}],"author":[{"embeddable":true,"href":"https:\/\/www.spencker.de\/wp\/index.php?rest_route=\/wp\/v2\/users\/1"}],"replies":[{"embeddable":true,"href":"https:\/\/www.spencker.de\/wp\/index.php?rest_route=%2Fwp%2Fv2%2Fcomments&post=5"}],"version-history":[{"count":31,"href":"https:\/\/www.spencker.de\/wp\/index.php?rest_route=\/wp\/v2\/pages\/5\/revisions"}],"predecessor-version":[{"id":20,"href":"https:\/\/www.spencker.de\/wp\/index.php?rest_route=\/wp\/v2\/pages\/5\/revisions\/20"}],"wp:attachment":[{"href":"https:\/\/www.spencker.de\/wp\/index.php?rest_route=%2Fwp%2Fv2%2Fmedia&parent=5"}],"curies":[{"name":"wp","href":"https:\/\/api.w.org\/{rel}","templated":true}]}}